{"id":16,"date":"2015-06-25T09:14:58","date_gmt":"2015-06-25T09:14:58","guid":{"rendered":"http:\/\/localhost\/wordpress\/?page_id=16"},"modified":"2015-10-21T10:07:07","modified_gmt":"2015-10-21T10:07:07","slug":"instalaciones","status":"publish","type":"page","link":"http:\/\/downcadiz.com\/category\/blog\/instalaciones\/","title":{"rendered":"Instalaciones"},"content":{"rendered":"<p><img decoding=\"async\" loading=\"lazy\" class=\"aligncenter size-full wp-image-47\" src=\"http:\/\/downcadiz.com\/wp-content\/uploads\/2015\/06\/logo-pequeno.jpg\" alt=\"Logo down C\u00e1diz peque\u00f1o\" width=\"197\" height=\"62\" \/><\/p>\n<h2>Entrada a nuestras Instalaciones<\/h2>\n<p><img decoding=\"async\" loading=\"lazy\" class=\"aligncenter size-full wp-image-196\" src=\"http:\/\/downcadiz.com\/wp-content\/uploads\/2015\/06\/entrada.jpg\" alt=\"Entrada a las instalaciones\" width=\"650\" height=\"366\" srcset=\"http:\/\/downcadiz.com\/wp-content\/uploads\/2015\/06\/entrada.jpg 650w, http:\/\/downcadiz.com\/wp-content\/uploads\/2015\/06\/entrada-300x169.jpg 300w\" sizes=\"(max-width: 650px) 100vw, 650px\" \/><\/p>\n<h2>Aula de Atenci\u00f3n Temprana<\/h2>\n<p><img decoding=\"async\" loading=\"lazy\" class=\"aligncenter size-full wp-image-197\" src=\"http:\/\/downcadiz.com\/wp-content\/uploads\/2015\/06\/aula-de-atencion-temprana.jpg\" alt=\"Aula de atenci\u00f3n temprana\" width=\"650\" height=\"366\" srcset=\"http:\/\/downcadiz.com\/wp-content\/uploads\/2015\/06\/aula-de-atencion-temprana.jpg 650w, http:\/\/downcadiz.com\/wp-content\/uploads\/2015\/06\/aula-de-atencion-temprana-300x169.jpg 300w\" sizes=\"(max-width: 650px) 100vw, 650px\" \/><\/p>\n<h2>Aula de Logopedia<\/h2>\n<p><img decoding=\"async\" loading=\"lazy\" class=\"aligncenter size-full wp-image-198\" src=\"http:\/\/downcadiz.com\/wp-content\/uploads\/2015\/06\/aula-de-logopedia.jpg\" alt=\"Aula de logopedia\" width=\"650\" height=\"366\" srcset=\"http:\/\/downcadiz.com\/wp-content\/uploads\/2015\/06\/aula-de-logopedia.jpg 650w, http:\/\/downcadiz.com\/wp-content\/uploads\/2015\/06\/aula-de-logopedia-300x169.jpg 300w\" sizes=\"(max-width: 650px) 100vw, 650px\" \/><\/p>\n<h2>Aula de Talleres Ocupacionales<\/h2>\n<p><img decoding=\"async\" loading=\"lazy\" class=\"aligncenter size-full wp-image-199\" src=\"http:\/\/downcadiz.com\/wp-content\/uploads\/2015\/06\/aula-talleres-ocupacionales.jpg\" alt=\"Aula de talleres ocupacionales\" width=\"650\" height=\"366\" srcset=\"http:\/\/downcadiz.com\/wp-content\/uploads\/2015\/06\/aula-talleres-ocupacionales.jpg 650w, http:\/\/downcadiz.com\/wp-content\/uploads\/2015\/06\/aula-talleres-ocupacionales-300x169.jpg 300w\" sizes=\"(max-width: 650px) 100vw, 650px\" \/><\/p>\n<h2>Aula de Inform\u00e1tica<\/h2>\n<p><a href=\"http:\/\/downcadiz.com\/wp-content\/uploads\/2015\/06\/aula-de-informatica.jpg\"><img decoding=\"async\" loading=\"lazy\" class=\"aligncenter size-full wp-image-200\" src=\"http:\/\/downcadiz.com\/wp-content\/uploads\/2015\/06\/aula-de-informatica.jpg\" alt=\"Aula de inform\u00e1tica\" width=\"650\" height=\"366\" srcset=\"http:\/\/downcadiz.com\/wp-content\/uploads\/2015\/06\/aula-de-informatica.jpg 650w, http:\/\/downcadiz.com\/wp-content\/uploads\/2015\/06\/aula-de-informatica-300x169.jpg 300w\" sizes=\"(max-width: 650px) 100vw, 650px\" \/><\/a><\/p>\n<h2>Aula de Transici\u00f3n a la Vida Adulta<\/h2>\n<p><img decoding=\"async\" loading=\"lazy\" class=\"aligncenter size-full wp-image-201\" src=\"http:\/\/downcadiz.com\/wp-content\/uploads\/2015\/06\/aula-transicion-vida-adulta.jpg\" alt=\"Aula de transici\u00f3n a la vida adulta\" width=\"650\" height=\"366\" srcset=\"http:\/\/downcadiz.com\/wp-content\/uploads\/2015\/06\/aula-transicion-vida-adulta.jpg 650w, http:\/\/downcadiz.com\/wp-content\/uploads\/2015\/06\/aula-transicion-vida-adulta-300x169.jpg 300w\" sizes=\"(max-width: 650px) 100vw, 650px\" \/><\/p>\n<h2>Cocina<\/h2>\n<h3 style=\"text-align: center;\">Equipada en colaboraci\u00f3n con\u00a0 <a href=\"http:\/\/downcadiz.com\/wp-content\/uploads\/2015\/06\/fundacion-once.jpg\"><img decoding=\"async\" loading=\"lazy\" class=\"alignnone size-full wp-image-248\" src=\"http:\/\/downcadiz.com\/wp-content\/uploads\/2015\/06\/fundacion-once.jpg\" alt=\"fundacion once\" width=\"180\" height=\"50\" \/><\/a><\/h3>\n<p><img decoding=\"async\" loading=\"lazy\" class=\"aligncenter size-full wp-image-202\" src=\"http:\/\/downcadiz.com\/wp-content\/uploads\/2015\/06\/cocina.jpg\" alt=\"Cocina\" width=\"650\" height=\"366\" srcset=\"http:\/\/downcadiz.com\/wp-content\/uploads\/2015\/06\/cocina.jpg 650w, http:\/\/downcadiz.com\/wp-content\/uploads\/2015\/06\/cocina-300x169.jpg 300w\" sizes=\"(max-width: 650px) 100vw, 650px\" \/><\/p>\n<p><img decoding=\"async\" loading=\"lazy\" class=\"aligncenter size-full wp-image-203\" src=\"http:\/\/downcadiz.com\/wp-content\/uploads\/2015\/06\/cocina-2.jpg\" alt=\"Cocina 2\" width=\"650\" height=\"366\" srcset=\"http:\/\/downcadiz.com\/wp-content\/uploads\/2015\/06\/cocina-2.jpg 650w, http:\/\/downcadiz.com\/wp-content\/uploads\/2015\/06\/cocina-2-300x169.jpg 300w\" sizes=\"(max-width: 650px) 100vw, 650px\" \/><\/p>\n<figure id=\"attachment_204\" aria-describedby=\"caption-attachment-204\" style=\"width: 650px\" class=\"wp-caption aligncenter\"><img decoding=\"async\" loading=\"lazy\" class=\"size-full wp-image-204\" src=\"http:\/\/downcadiz.com\/wp-content\/uploads\/2015\/06\/cocina-3.jpg\" alt=\"Cocina 3\" width=\"650\" height=\"366\" srcset=\"http:\/\/downcadiz.com\/wp-content\/uploads\/2015\/06\/cocina-3.jpg 650w, http:\/\/downcadiz.com\/wp-content\/uploads\/2015\/06\/cocina-3-300x169.jpg 300w\" sizes=\"(max-width: 650px) 100vw, 650px\" \/><figcaption id=\"caption-attachment-204\" class=\"wp-caption-text\">Cocina 3<\/figcaption><\/figure>\n","protected":false},"excerpt":{"rendered":"<p>Entrada a nuestras Instalaciones Aula de Atenci\u00f3n Temprana Aula de Logopedia Aula de Talleres Ocupacionales Aula de Inform\u00e1tica Aula de Transici\u00f3n a la Vida Adulta Cocina Equipada en colaboraci\u00f3n con\u00a0<\/p>\n","protected":false},"author":4,"featured_media":200,"parent":0,"menu_order":0,"comment_status":"closed","ping_status":"open","template":"","meta":[],"_links":{"self":[{"href":"http:\/\/downcadiz.com\/category\/blog\/wp-json\/wp\/v2\/pages\/16"}],"collection":[{"href":"http:\/\/downcadiz.com\/category\/blog\/wp-json\/wp\/v2\/pages"}],"about":[{"href":"http:\/\/downcadiz.com\/category\/blog\/wp-json\/wp\/v2\/types\/page"}],"author":[{"embeddable":true,"href":"http:\/\/downcadiz.com\/category\/blog\/wp-json\/wp\/v2\/users\/4"}],"replies":[{"embeddable":true,"href":"http:\/\/downcadiz.com\/category\/blog\/wp-json\/wp\/v2\/comments?post=16"}],"version-history":[{"count":7,"href":"http:\/\/downcadiz.com\/category\/blog\/wp-json\/wp\/v2\/pages\/16\/revisions"}],"predecessor-version":[{"id":247,"href":"http:\/\/downcadiz.com\/category\/blog\/wp-json\/wp\/v2\/pages\/16\/revisions\/247"}],"wp:featuredmedia":[{"embeddable":true,"href":"http:\/\/downcadiz.com\/category\/blog\/wp-json\/wp\/v2\/media\/200"}],"wp:attachment":[{"href":"http:\/\/downcadiz.com\/category\/blog\/wp-json\/wp\/v2\/media?parent=16"}],"curies":[{"name":"wp","href":"https:\/\/api.w.org\/{rel}","templated":true}]}}