{"id":2,"date":"2015-06-24T08:23:55","date_gmt":"2015-06-24T08:23:55","guid":{"rendered":"http:\/\/localhost\/wordpress\/?page_id=2"},"modified":"2024-06-07T11:19:41","modified_gmt":"2024-06-07T11:19:41","slug":"colabora","status":"publish","type":"page","link":"http:\/\/downcadiz.com\/category\/blog\/colabora\/","title":{"rendered":"Colabora"},"content":{"rendered":"<p><a href=\"http:\/\/downcadiz.com\/wp-content\/uploads\/2024\/06\/1.jpg\"><img decoding=\"async\" loading=\"lazy\" class=\"alignnone size-large wp-image-1596\" src=\"http:\/\/downcadiz.com\/wp-content\/uploads\/2024\/06\/1-1024x1024.jpg\" alt=\"\" width=\"525\" height=\"525\" srcset=\"http:\/\/downcadiz.com\/wp-content\/uploads\/2024\/06\/1-1024x1024.jpg 1024w, http:\/\/downcadiz.com\/wp-content\/uploads\/2024\/06\/1-300x300.jpg 300w, http:\/\/downcadiz.com\/wp-content\/uploads\/2024\/06\/1-150x150.jpg 150w, http:\/\/downcadiz.com\/wp-content\/uploads\/2024\/06\/1-768x768.jpg 768w, http:\/\/downcadiz.com\/wp-content\/uploads\/2024\/06\/1-100x100.jpg 100w, http:\/\/downcadiz.com\/wp-content\/uploads\/2024\/06\/1.jpg 1080w\" sizes=\"(max-width: 525px) 100vw, 525px\" \/><\/a><\/p>\n<p><a href=\"http:\/\/downcadiz.com\/wp-content\/uploads\/2024\/06\/2.jpg\"><img decoding=\"async\" loading=\"lazy\" class=\"alignnone size-large wp-image-1595\" src=\"http:\/\/downcadiz.com\/wp-content\/uploads\/2024\/06\/2-1024x1024.jpg\" alt=\"\" width=\"525\" height=\"525\" srcset=\"http:\/\/downcadiz.com\/wp-content\/uploads\/2024\/06\/2-1024x1024.jpg 1024w, http:\/\/downcadiz.com\/wp-content\/uploads\/2024\/06\/2-300x300.jpg 300w, http:\/\/downcadiz.com\/wp-content\/uploads\/2024\/06\/2-150x150.jpg 150w, http:\/\/downcadiz.com\/wp-content\/uploads\/2024\/06\/2-768x768.jpg 768w, http:\/\/downcadiz.com\/wp-content\/uploads\/2024\/06\/2-100x100.jpg 100w, http:\/\/downcadiz.com\/wp-content\/uploads\/2024\/06\/2.jpg 1080w\" sizes=\"(max-width: 525px) 100vw, 525px\" \/><\/a><\/p>\n<ul>\n<li>\n<h2><b><span style=\"color: #3d85c6;\">Hazte socio\/a de Down C\u00e1diz<\/span><\/b><span style=\"color: #ff9900;\">\u00a0<\/span><\/h2>\n<\/li>\n<\/ul>\n<p>Para hacerse socio de DOWN C\u00c1DIZ ll\u00e1menos al <strong>956293201<\/strong>.<\/p>\n<p>Un aportaci\u00f3n regular tuya significa poder garantizar que las personas con discapacidad intelectual tengan los apoyos que necesitan a lo largo de su vida.<\/p>\n<ul>\n<li>\n<h2><b><span style=\"color: #3d85c6;\">Realiza\u00a0un donativo<\/span><\/b><\/h2>\n<\/li>\n<\/ul>\n<p>Mediante transferencia bancaria.<\/p>\n<p>Realice su donaci\u00f3n en el siguiente n\u00famero de cuenta:<\/p>\n<p><b><i><span style=\"color: #3d85c6; font-size: x-large;\">\u00a0<\/span><\/i><span style=\"color: #000000; font-size: x-large;\">ES30 0049 2388 19 2114724141<\/span><\/b><\/p>\n<ul>\n<li>\n<h2><b><span style=\"color: #3d85c6;\">Voluntariado<\/span><\/b><\/h2>\n<\/li>\n<\/ul>\n<p>Si le interesa colaborar con Down C\u00e1diz \u201cLejeune\u201d como voluntari@ inf\u00f3rmese en el <strong>956293201<\/strong><\/p>\n","protected":false},"excerpt":{"rendered":"<p>Hazte socio\/a de Down C\u00e1diz\u00a0 Para hacerse socio de DOWN C\u00c1DIZ ll\u00e1menos al 956293201. Un aportaci\u00f3n regular tuya significa poder garantizar que las personas con discapacidad intelectual tengan los apoyos que necesitan a lo largo de su vida. Realiza\u00a0un donativo Mediante transferencia bancaria. Realice su donaci\u00f3n en el siguiente n\u00famero de cuenta: \u00a0ES30 0049 2388 &hellip; <\/p>\n<p class=\"link-more\"><a href=\"http:\/\/downcadiz.com\/category\/blog\/colabora\/\" class=\"more-link\">Continuar leyendo<span class=\"screen-reader-text\"> \u00abColabora\u00bb<\/span><\/a><\/p>\n","protected":false},"author":4,"featured_media":0,"parent":0,"menu_order":0,"comment_status":"closed","ping_status":"open","template":"","meta":[],"_links":{"self":[{"href":"http:\/\/downcadiz.com\/category\/blog\/wp-json\/wp\/v2\/pages\/2"}],"collection":[{"href":"http:\/\/downcadiz.com\/category\/blog\/wp-json\/wp\/v2\/pages"}],"about":[{"href":"http:\/\/downcadiz.com\/category\/blog\/wp-json\/wp\/v2\/types\/page"}],"author":[{"embeddable":true,"href":"http:\/\/downcadiz.com\/category\/blog\/wp-json\/wp\/v2\/users\/4"}],"replies":[{"embeddable":true,"href":"http:\/\/downcadiz.com\/category\/blog\/wp-json\/wp\/v2\/comments?post=2"}],"version-history":[{"count":12,"href":"http:\/\/downcadiz.com\/category\/blog\/wp-json\/wp\/v2\/pages\/2\/revisions"}],"predecessor-version":[{"id":1598,"href":"http:\/\/downcadiz.com\/category\/blog\/wp-json\/wp\/v2\/pages\/2\/revisions\/1598"}],"wp:attachment":[{"href":"http:\/\/downcadiz.com\/category\/blog\/wp-json\/wp\/v2\/media?parent=2"}],"curies":[{"name":"wp","href":"https:\/\/api.w.org\/{rel}","templated":true}]}}