{"id":22,"date":"2015-06-25T09:19:13","date_gmt":"2015-06-25T09:19:13","guid":{"rendered":"http:\/\/localhost\/wordpress\/?page_id=22"},"modified":"2015-06-26T08:32:00","modified_gmt":"2015-06-26T08:32:00","slug":"sindrome-de-down","status":"publish","type":"page","link":"http:\/\/downcadiz.com\/category\/blog\/sindrome-de-down\/","title":{"rendered":"S\u00edndrome de Down"},"content":{"rendered":"<h1><\/h1>\n<h1>Definici\u00f3n<\/h1>\n<p>El s\u00edndrome de Down es una alteraci\u00f3n gen\u00e9tica producida por la presencia de un cromosoma extra (o una parte de \u00e9l) en la pareja cromos\u00f3mica 21, de tal forma que las c\u00e9lulas de estas personas tienen 47 cromosomas con tres cromosomas en dicho par (de ah\u00ed el nombre de trisom\u00eda 21), cuando lo habitual es que s\u00f3lo existan dos.<\/p>\n<p>Este error cong\u00e9nito se produce de forma natural y espont\u00e1nea, sin que exista una justificaci\u00f3n aparente sobre la que poder actuar para impedirlo. No hay que buscar culpables. El s\u00edndrome de Down es la principal causa de discapacidad intelectual y la alteraci\u00f3n gen\u00e9tica humana m\u00e1s com\u00fan: 1\/700 concepciones. La incidencia aumenta con la edad materna, especialmente cuando \u00e9sta supera los 35 a\u00f1os, siendo \u00e9ste el \u00fanico factor de riesgo demostrado de tener un hijo con s\u00edndrome de Down.<\/p>\n<h2><\/h2>\n<h2>Salud en el s\u00edndrome de Down<\/h2>\n<p><strong>El s\u00edndrome de Down no es una enfermedad, y por lo tanto, no requiere ning\u00fan tratamiento m\u00e9dico en cuanto tal<\/strong>. Adem\u00e1s, al desconocerse las causas subyacentes de esta alteraci\u00f3n gen\u00e9tica, resulta imposible conocer c\u00f3mo prevenirlo.<\/p>\n<p><strong>La salud de los ni\u00f1os con s\u00edndrome de Down no tiene por qu\u00e9 diferenciarse en nada a la de cualquier otro ni\u00f1o<\/strong>, de esta forma, en muchos de los casos su buena o mala salud no guarda ninguna relaci\u00f3n con su trisom\u00eda. Por lo tanto podemos tener ni\u00f1os sanos con s\u00edndrome de Down, es decir, que no presentan enfermedad alguna.<\/p>\n<p>Sin embargo, tenemos ni\u00f1os con s\u00edndrome de Down con patolog\u00edas asociadas. Son complicaciones de salud relacionadas con su alteraci\u00f3n gen\u00e9tica: cardiopat\u00edas cong\u00e9nitas, hipertensi\u00f3n pulmonar, problemas auditivos o visuales, anomal\u00edas intestinales, neurol\u00f3gicas, endocrinas\u2026 Estas situaciones requieren cuidados espec\u00edficos y sobre todo un adecuado seguimiento desde el nacimiento.<\/p>\n<p>Afortunadamente la mayor\u00eda de ellas tienen tratamiento, bien sea por medio de medicaci\u00f3n o por medio de cirug\u00eda; en este \u00faltimo caso, debido a los a\u00f1os que llevan realiz\u00e1ndose estas t\u00e9cnicas, se afrontan con elevadas garant\u00edas de \u00e9xito, habi\u00e9ndose superado ya el alto riesgo que supon\u00edan a\u00f1os atr\u00e1s.<\/p>\n<p>En la actualidad los m\u00e9dicos espa\u00f1oles disponen del <a href=\"http:\/\/www.sindromedown.net\/adjuntos\/cTexto\/6_1_programa_0.pdf\">Programa Espa\u00f1ol de Salud para Personas con S\u00edndrome de Down<\/a>, una gu\u00eda socio-sanitaria editada por <strong>DOWN ESPA\u00d1A<\/strong> que tiene por objeto, adem\u00e1s de informar y apoyar a las familias, unificar las actuaciones de los profesionales de la sanidad a la hora de tratar la salud de las personas con trisom\u00eda 21, realizando los mismos controles sanitarios y estableciendo un calendario m\u00ednimo de revisiones m\u00e9dicas peri\u00f3dicas.<\/p>\n<p>Gracias a los avances en la investigaci\u00f3n as\u00ed como a un adecuado tratamiento y prevenci\u00f3n de los problemas m\u00e9dicos derivados del s\u00edndrome de Down, hoy en d\u00eda las personas con trisom\u00eda 21 han logrado alcanzar un adecuado estado de salud y, muestra de ello, es que su calidad y esperanza de vida ha aumentado considerablemente en los \u00faltimos tiempos, alcanzando una media de 60 a\u00f1os de edad.<\/p>\n<h2><\/h2>\n<h2>Tipos de alteraciones\u00a0cromosom\u00e1ticas en el sindrome Down<\/h2>\n<p>Las c\u00e9lulas del cuerpo humano tienen 46 cromosomas distribuidos en 23 pares. Uno de estos pares determina el sexo del individuo y los otros 22 se denominan autosomas, numerados del 1 al 22 en funci\u00f3n de su tama\u00f1o decreciente.<\/p>\n<p>El proceso de crecimiento se fundamenta en la divisi\u00f3n celular, de tal forma que las c\u00e9lulas se reproducen a s\u00ed mismas gracias a un proceso que lleva por nombre \u2018mitosis\u2019, a trav\u00e9s del cual cada c\u00e9lula se duplica a s\u00ed misma, engendrando otra c\u00e9lula id\u00e9ntica con 46 cromosomas distribuidos tambi\u00e9n en 23 pares.<\/p>\n<p>Sin embargo, cuando de lo que se trata es de obtener como resultado un gameto, es decir, un \u00f3vulo o un espermatozoide, el proceso de divisi\u00f3n celular es diferente y se denomina \u2018meiosis\u2019.<\/p>\n<p>El \u00f3vulo y el espermatozoide contienen, cada uno de ellos, solo 23 cromosomas (un cromosoma de cada una de las 23 parejas), de tal forma que al unirse producen una nueva c\u00e9lula con la misma carga gen\u00e9tica que cualquier otra c\u00e9lula humana, es decir, 46 cromosomas divididos en 23 pares.<\/p>\n<p>Durante este complicado proceso mei\u00f3tico es cuando ocurren la mayor\u00eda de las alteraciones que dan lugar al s\u00edndrome de Down, existiendo tres supuestos que derivan en S\u00edndrome de Down:<\/p>\n<p>&nbsp;<\/p>\n<table border=\"1\" cellspacing=\"0\">\n<tbody>\n<tr>\n<td><span style=\"color: #000000; font-size: large;\"><i>TRISOM\u00cdA 21<\/i><\/span><\/td>\n<td>\u00a0Con diferencia, el tipo m\u00e1s com\u00fan de s\u00edndrome de Down es el denominado trisom\u00eda 21, resultado de un error gen\u00e9tico que tiene lugar muy pronto en el proceso de reproducci\u00f3n celular.<span style=\"font-family: arial, sans-serif; font-size: large;\">El par cromos\u00f3mico 21 del \u00f3vulo o del espermatozoide no se separa como debiera y alguno de los dos gametos contiene 24 cromosomas en lugar de 23.<\/span><span style=\"font-family: arial, sans-serif; font-size: large;\">Cuando uno de estos gametos con un cromosoma extra se combina con otro del sexo contrario, se obtiene como resultado una c\u00e9lula (cigoto) con 47 cromosomas. El cigoto, al reproducirse por mitosis para ir formando el feto, da como resultado c\u00e9lulas iguales a s\u00ed mismas, es decir, con 47 cromosomas, produci\u00e9ndose as\u00ed el nacimiento de un ni\u00f1o con s\u00edndrome de Down.\u00a0<b>Es la trisom\u00eda regular o la trisom\u00eda libre.<\/b><\/span><\/td>\n<\/tr>\n<tr>\n<td><span style=\"color: #000000; font-size: large;\"><b>TRANSLOCACI\u00d3N CROMOS\u00d3MICA<\/b><\/span><\/td>\n<td>\u00a0En casos raros ocurre que, durante el proceso de meiosis, un cromosoma 21 se rompe y alguno de esos fragmentos (o el cromosoma al completo) se une de manera an\u00f3mala a otra pareja cromos\u00f3mica, generalmente al 14. Es decir, que adem\u00e1s del par cromos\u00f3mico 21, la pareja 14 tiene una carga gen\u00e9tica extra: un cromosoma 21, o un fragmento suyo roto durante el proceso de meiosis.<span style=\"font-family: arial, sans-serif; font-size: large;\">Los nuevos cromosomas reordenados se denominan cromosomas de translocaci\u00f3n, de ah\u00ed el nombre de este tipo de s\u00edndrome de Down. No ser\u00e1 necesario que el cromosoma 21 est\u00e9 completamente triplicado para que estas personas presenten las\u00a0<a title=\"Fenotipo del s\u00edndrome de Down [DOC] [21.5 KB]\" href=\"http:\/\/www.sindromedown.net\/adjuntos\/cTexto\/6_1_fenotipo_0.doc\" target=\"_blank\" rel=\"nofollow\">caracter\u00edsticas f\u00edsicas t\u00edpicas de la trisom\u00eda 21<\/a>, pero \u00e9stas depender\u00e1n del fragmento gen\u00e9tico translocado.<\/span><\/td>\n<\/tr>\n<tr>\n<td>\u00a0<span style=\"color: #000000;\"><b>MOSAICISMO O TRISOM\u00cdA EN MOSAICO.<\/b><\/span><\/td>\n<td>\u00a0Una vez fecundado el \u00f3vulo -formado el cigoto- el resto de c\u00e9lulas se originan, como hemos dicho, por un proceso mit\u00f3tico de divisi\u00f3n celular. Si durante dicho proceso el material gen\u00e9tico no se separa correctamente podr\u00eda ocurrir que una de las c\u00e9lulas hijas tuviera en su par 21 tres cromosomas y la otra s\u00f3lo uno. En tal caso, el resultado ser\u00e1 un porcentaje de c\u00e9lulas tris\u00f3micas (tres cromosomas) y el resto con su carga gen\u00e9tica habitual.<span style=\"font-family: arial, sans-serif; font-size: large;\">Las personas con s\u00edndrome de Down que presentan esta estructura gen\u00e9tica se conocen como \u201cmosaico cromos\u00f3mico\u201d, pues su cuerpo mezcla c\u00e9lulas de tipos cromos\u00f3micos distintos.<\/span><span style=\"font-family: arial, sans-serif; font-size: large;\">Los rasgos f\u00edsicos de la persona con mosaicismo y su potencial desarrollo depender\u00e1n del porcentaje de c\u00e9lulas tris\u00f3micas que presente su organismo, aunque por lo general presentan menor grado de discapacidad intelectual.<\/span><\/td>\n<\/tr>\n<\/tbody>\n<\/table>\n<p>&nbsp;<\/p>\n","protected":false},"excerpt":{"rendered":"<p>Definici\u00f3n El s\u00edndrome de Down es una alteraci\u00f3n gen\u00e9tica producida por la presencia de un cromosoma extra (o una parte de \u00e9l) en la pareja cromos\u00f3mica 21, de tal forma que las c\u00e9lulas de estas personas tienen 47 cromosomas con tres cromosomas en dicho par (de ah\u00ed el nombre de trisom\u00eda 21), cuando lo habitual &hellip; <\/p>\n<p class=\"link-more\"><a href=\"http:\/\/downcadiz.com\/category\/blog\/sindrome-de-down\/\" class=\"more-link\">Continuar leyendo<span class=\"screen-reader-text\"> \u00abS\u00edndrome de Down\u00bb<\/span><\/a><\/p>\n","protected":false},"author":4,"featured_media":0,"parent":0,"menu_order":0,"comment_status":"open","ping_status":"open","template":"template-fullwidth.php","meta":[],"_links":{"self":[{"href":"http:\/\/downcadiz.com\/category\/blog\/wp-json\/wp\/v2\/pages\/22"}],"collection":[{"href":"http:\/\/downcadiz.com\/category\/blog\/wp-json\/wp\/v2\/pages"}],"about":[{"href":"http:\/\/downcadiz.com\/category\/blog\/wp-json\/wp\/v2\/types\/page"}],"author":[{"embeddable":true,"href":"http:\/\/downcadiz.com\/category\/blog\/wp-json\/wp\/v2\/users\/4"}],"replies":[{"embeddable":true,"href":"http:\/\/downcadiz.com\/category\/blog\/wp-json\/wp\/v2\/comments?post=22"}],"version-history":[{"count":3,"href":"http:\/\/downcadiz.com\/category\/blog\/wp-json\/wp\/v2\/pages\/22\/revisions"}],"predecessor-version":[{"id":29,"href":"http:\/\/downcadiz.com\/category\/blog\/wp-json\/wp\/v2\/pages\/22\/revisions\/29"}],"wp:attachment":[{"href":"http:\/\/downcadiz.com\/category\/blog\/wp-json\/wp\/v2\/media?parent=22"}],"curies":[{"name":"wp","href":"https:\/\/api.w.org\/{rel}","templated":true}]}}