{"id":338,"date":"2020-03-16T17:14:53","date_gmt":"2020-03-16T17:14:53","guid":{"rendered":"http:\/\/downcadiz.com\/?page_id=338"},"modified":"2020-03-16T17:20:57","modified_gmt":"2020-03-16T17:20:57","slug":"programa-de-formacion-prelaboral","status":"publish","type":"page","link":"http:\/\/downcadiz.com\/category\/blog\/programa-de-formacion-prelaboral\/","title":{"rendered":"Formaci\u00f3n Prelaboral"},"content":{"rendered":"<p><span style=\"color: #333399;\"><span style=\"font-weight: 400;\">En la actualidad, acuden de lunes a viernes en horario de 10:00-14h diez usuarios\/as. A trav\u00e9s de este programa se fomenta<\/span><span style=\"font-weight: 400;\"> el desarrollo de habilidades ocupacionales y prelaborales que habiliten a las personas para poder iniciarse en el mundo laboral. En el proyecto se trabajan como l\u00edneas fundamentales: habilidades para la autonom\u00eda y desarrollo personal, formaci\u00f3n b\u00e1sica, inform\u00e1tica, formaci\u00f3n laboral<\/span><span style=\"font-weight: 400;\"> y perfiles laborales.<\/span><\/span><\/p>\n<p><span style=\"font-weight: 400; color: #333399;\">Los perfiles laborales que se han trabajado en este a\u00f1o han sido: Auxiliar Administrativo, Dependiente de Comercio y Manipulador de Alimentos.<\/span><\/p>\n","protected":false},"excerpt":{"rendered":"<p>En la actualidad, acuden de lunes a viernes en horario de 10:00-14h diez usuarios\/as. A trav\u00e9s de este programa se fomenta el desarrollo de habilidades ocupacionales y prelaborales que habiliten a las personas para poder iniciarse en el mundo laboral. En el proyecto se trabajan como l\u00edneas fundamentales: habilidades para la autonom\u00eda y desarrollo personal, &hellip; <\/p>\n<p class=\"link-more\"><a href=\"http:\/\/downcadiz.com\/category\/blog\/programa-de-formacion-prelaboral\/\" class=\"more-link\">Continuar leyendo<span class=\"screen-reader-text\"> \u00abFormaci\u00f3n Prelaboral\u00bb<\/span><\/a><\/p>\n","protected":false},"author":3,"featured_media":0,"parent":0,"menu_order":0,"comment_status":"closed","ping_status":"closed","template":"","meta":[],"_links":{"self":[{"href":"http:\/\/downcadiz.com\/category\/blog\/wp-json\/wp\/v2\/pages\/338"}],"collection":[{"href":"http:\/\/downcadiz.com\/category\/blog\/wp-json\/wp\/v2\/pages"}],"about":[{"href":"http:\/\/downcadiz.com\/category\/blog\/wp-json\/wp\/v2\/types\/page"}],"author":[{"embeddable":true,"href":"http:\/\/downcadiz.com\/category\/blog\/wp-json\/wp\/v2\/users\/3"}],"replies":[{"embeddable":true,"href":"http:\/\/downcadiz.com\/category\/blog\/wp-json\/wp\/v2\/comments?post=338"}],"version-history":[{"count":0,"href":"http:\/\/downcadiz.com\/category\/blog\/wp-json\/wp\/v2\/pages\/338\/revisions"}],"wp:attachment":[{"href":"http:\/\/downcadiz.com\/category\/blog\/wp-json\/wp\/v2\/media?parent=338"}],"curies":[{"name":"wp","href":"https:\/\/api.w.org\/{rel}","templated":true}]}}