{"id":38,"date":"2015-06-26T08:45:05","date_gmt":"2015-06-26T08:45:05","guid":{"rendered":"http:\/\/localhost\/wordpress\/?page_id=38"},"modified":"2020-03-16T17:03:14","modified_gmt":"2020-03-16T17:03:14","slug":"habilidades-adaptativas","status":"publish","type":"page","link":"http:\/\/downcadiz.com\/category\/blog\/programas\/habilidades-adaptativas\/","title":{"rendered":"Autonom\u00eda Personal y Vida Independiente"},"content":{"rendered":"<p><img decoding=\"async\" loading=\"lazy\" class=\"alignleft size-full wp-image-47\" src=\"http:\/\/localhost\/wordpress\/wp-content\/uploads\/2015\/06\/logo-pequeno.jpg\" alt=\"Logo down C\u00e1diz peque\u00f1o\" width=\"197\" height=\"62\" \/><\/p>\n<p><span style=\"color: #333399;\">Las personas con S\u00edndrome de Down y discapacidad intelectual en general, presentan carencias en el repertorio de conductas de las \u00e1reas personal y social, tales como el autocuidado e higiene personal, la identidad personal, la autonom\u00eda urbana, las normas de cortes\u00eda, el uso del tiempo libre, el manejo del dinero, etc.<\/span><\/p>\n<p><span style=\"color: #333399;\">En este programa se trabajan las habilidades necesarias para adquirir una autonom\u00eda personal, urbana, con la intenci\u00f3n de lograr una capacitaci\u00f3n completa para su vida familiar, escolar y social, con vistas a una mejor integraci\u00f3n socio &#8211; laboral.<\/span><\/p>\n<p><span style=\"color: #333399;\">Todas las actividades que se trabajan se engloban en torno a los siguientes bloques:<\/span><\/p>\n<p><span style=\"color: #333399;\">1.\u00a0\u00a0\u00a0\u00a0COMUNICACI\u00d3N<\/span><\/p>\n<p><span style=\"color: #333399;\">Capacidad de comprender y transmitir informaci\u00f3n a trav\u00e9s de comportamientos simb\u00f3licos\u00a0 o no simb\u00f3licos.<\/span><\/p>\n<p><span style=\"color: #333399;\">Capacidad para desde comprender o recibir un consejo, hasta conseguir habilidades acad\u00e9micas funcionales.<\/span><\/p>\n<p><span style=\"color: #333399;\">2.\u00a0\u00a0\u00a0\u00a0AUTOCUIDADO<\/span><\/p>\n<p><span style=\"color: #333399;\">Aseo, comida, vestido, higiene y apariencia f\u00edsica.<\/span><\/p>\n<p><span style=\"color: #333399;\">3.\u00a0\u00a0\u00a0\u00a0HABILIDADES DE LA VIDA EN EL HOGAR<\/span><\/p>\n<p><span style=\"color: #333399;\">Cuidado de la ropa, tareas del hogar, cuidado del hogar, preparaci\u00f3n de la comida, planificaci\u00f3n y elaboraci\u00f3n de la lista de la compra, seguridad en el hogar, planificaci\u00f3n diaria, etc.<\/span><\/p>\n<p><span style=\"color: #333399;\">4.\u00a0\u00a0\u00a0\u00a0HABILIDADES SOCIALES<\/span><\/p>\n<p><span style=\"color: #333399;\">Se relacionan con intercambios sociales con otras personas: Iniciar, mantener y finalizar una interacci\u00f3n con otros, expresar sentimientos y reconocerlos, regular el comportamiento, amistades, control de impulsos, cumplimiento de normas\u2026<\/span><\/p>\n<p><span style=\"color: #333399;\">5.\u00a0\u00a0\u00a0\u00a0UTILIZACI\u00d3N DE LA COMUNIDAD.<\/span><\/p>\n<p><span style=\"color: #333399;\">Utilizar el transporte, comprar en tiendas, recursos de la comunidad.<\/span><\/p>\n<p><span style=\"color: #333399;\">6.\u00a0\u00a0\u00a0\u00a0AUTODIRECCI\u00d3N<\/span><\/p>\n<p><span style=\"color: #333399;\">Capacidad para tomar decisiones, ser responsable y asumir las consecuencias de las acciones.<\/span><\/p>\n<p><span style=\"color: #333399;\">7.\u00a0\u00a0\u00a0\u00a0SALUD Y SEGURIDAD<\/span><\/p>\n<p><span style=\"color: #333399;\">Mantenimiento de la salud: comida, enfermedad, prevenci\u00f3n de accidentes, sexualidad, seguridad, comportamiento adecuado en la comunidad\u2026<\/span><\/p>\n<p><span style=\"color: #333399;\">8.\u00a0\u00a0\u00a0\u00a0HABILIDADES ACAD\u00c9MICAS FUNCIONALES.<\/span><\/p>\n<p><span style=\"color: #333399;\">Habilidades cognitivas relacionadas con aprendizajes escolares que tiene adem\u00e1s una implicaci\u00f3n directa en la vida: lectoescritura, matem\u00e1ticas b\u00e1sicas, ciencias\u2026<\/span><\/p>\n<p><span style=\"color: #333399;\">9.\u00a0\u00a0\u00a0\u00a0OCIO Y TIEMPO LIBRE<\/span><\/p>\n<p><span style=\"color: #333399;\">Desarrollo de intereses variados de tiempo libre y ocio.<\/span><\/p>\n<p><span style=\"color: #333399;\">10.\u00a0\u00a0\u00a0\u00a0TRABAJO<\/span><\/p>\n<p><span style=\"color: #333399;\">Poseer un trabajo, comportamiento social apropiado, y habilidades relacionadas con el trabajo.<\/span><\/p>\n<p><span style=\"color: #333399;\">11.\u00a0\u00a0\u00a0\u00a0\u00a0\u00a0\u00a0\u00a0\u00a0\u00a0\u00a0\u00a0\u00a0\u00a0NUEVAS TECNOLOG\u00cdAS<\/span><\/p>\n<p><span style=\"color: #333399;\">Acercamiento y aprendizaje\u00a0 de las nuevas tecnolog\u00edas, ordenador, m\u00f3viles, tablet\u2026<\/span><\/p>\n","protected":false},"excerpt":{"rendered":"<p>Las personas con S\u00edndrome de Down y discapacidad intelectual en general, presentan carencias en el repertorio de conductas de las \u00e1reas personal y social, tales como el autocuidado e higiene personal, la identidad personal, la autonom\u00eda urbana, las normas de cortes\u00eda, el uso del tiempo libre, el manejo del dinero, etc. En este programa se &hellip; <\/p>\n<p class=\"link-more\"><a href=\"http:\/\/downcadiz.com\/category\/blog\/programas\/habilidades-adaptativas\/\" class=\"more-link\">Continuar leyendo<span class=\"screen-reader-text\"> \u00abAutonom\u00eda Personal y Vida Independiente\u00bb<\/span><\/a><\/p>\n","protected":false},"author":4,"featured_media":0,"parent":18,"menu_order":0,"comment_status":"open","ping_status":"open","template":"","meta":[],"_links":{"self":[{"href":"http:\/\/downcadiz.com\/category\/blog\/wp-json\/wp\/v2\/pages\/38"}],"collection":[{"href":"http:\/\/downcadiz.com\/category\/blog\/wp-json\/wp\/v2\/pages"}],"about":[{"href":"http:\/\/downcadiz.com\/category\/blog\/wp-json\/wp\/v2\/types\/page"}],"author":[{"embeddable":true,"href":"http:\/\/downcadiz.com\/category\/blog\/wp-json\/wp\/v2\/users\/4"}],"replies":[{"embeddable":true,"href":"http:\/\/downcadiz.com\/category\/blog\/wp-json\/wp\/v2\/comments?post=38"}],"version-history":[{"count":4,"href":"http:\/\/downcadiz.com\/category\/blog\/wp-json\/wp\/v2\/pages\/38\/revisions"}],"predecessor-version":[{"id":336,"href":"http:\/\/downcadiz.com\/category\/blog\/wp-json\/wp\/v2\/pages\/38\/revisions\/336"}],"up":[{"embeddable":true,"href":"http:\/\/downcadiz.com\/category\/blog\/wp-json\/wp\/v2\/pages\/18"}],"wp:attachment":[{"href":"http:\/\/downcadiz.com\/category\/blog\/wp-json\/wp\/v2\/media?parent=38"}],"curies":[{"name":"wp","href":"https:\/\/api.w.org\/{rel}","templated":true}]}}